{"id":6076,"date":"2020-10-10T21:17:15","date_gmt":"2020-10-10T19:17:15","guid":{"rendered":"https:\/\/annette-schmucker.de\/index.php\/newsletter\/"},"modified":"2025-11-28T18:04:54","modified_gmt":"2025-11-28T17:04:54","slug":"newsletter","status":"publish","type":"page","link":"https:\/\/annette-schmucker.de\/index.php\/newsletter\/","title":{"rendered":"Newsletter"},"content":{"rendered":"\n<div class=\"wp-block-media-text is-stacked-on-mobile\"><figure class=\"wp-block-media-text__media\"><img loading=\"lazy\" decoding=\"async\" width=\"1280\" height=\"693\" data-attachment-id=\"11088\" data-permalink=\"https:\/\/annette-schmucker.de\/index.php\/newsletter\/news-8283285_1280_image-by-dagmar-yanbak-from-pixabay\/\" data-orig-file=\"https:\/\/annette-schmucker.de\/wordpress\/wp-content\/uploads\/news-8283285_1280_Image-by-Dagmar-Yanbak-from-Pixabay.png\" data-orig-size=\"1280,693\" data-comments-opened=\"0\" data-image-meta=\"{&quot;aperture&quot;:&quot;0&quot;,&quot;credit&quot;:&quot;&quot;,&quot;camera&quot;:&quot;&quot;,&quot;caption&quot;:&quot;&quot;,&quot;created_timestamp&quot;:&quot;0&quot;,&quot;copyright&quot;:&quot;&quot;,&quot;focal_length&quot;:&quot;0&quot;,&quot;iso&quot;:&quot;0&quot;,&quot;shutter_speed&quot;:&quot;0&quot;,&quot;title&quot;:&quot;&quot;,&quot;orientation&quot;:&quot;0&quot;}\" data-image-title=\"news-8283285_1280_Image by Dagmar Yanbak from Pixabay\" data-image-description=\"\" data-image-caption=\"\" data-large-file=\"https:\/\/annette-schmucker.de\/wordpress\/wp-content\/uploads\/news-8283285_1280_Image-by-Dagmar-Yanbak-from-Pixabay-1024x554.png\" src=\"https:\/\/annette-schmucker.de\/wordpress\/wp-content\/uploads\/news-8283285_1280_Image-by-Dagmar-Yanbak-from-Pixabay.png\" alt=\"\" class=\"wp-image-11088 size-full\" srcset=\"https:\/\/annette-schmucker.de\/wordpress\/wp-content\/uploads\/news-8283285_1280_Image-by-Dagmar-Yanbak-from-Pixabay.png 1280w, https:\/\/annette-schmucker.de\/wordpress\/wp-content\/uploads\/news-8283285_1280_Image-by-Dagmar-Yanbak-from-Pixabay-300x162.png 300w, https:\/\/annette-schmucker.de\/wordpress\/wp-content\/uploads\/news-8283285_1280_Image-by-Dagmar-Yanbak-from-Pixabay-1024x554.png 1024w\" sizes=\"auto, (max-width: 1280px) 100vw, 1280px\" \/><\/figure><div class=\"wp-block-media-text__content\">\n<h2 class=\"wp-block-heading\">Hier k\u00f6nnen Sie meinen Newsletter abonnieren.<\/h2>\n\n\n\n<p>Ich informiere darin \u00fcber Ausstellungen, Neuigkeiten aus dem Atelier oder die Freigabe der Termine f\u00fcr die neuen Malkurse. Er kann jederzeit \u00fcber einen Link am Ende des Newsletters auch wieder abbestellt werden.<\/p>\n<\/div><\/div>\n\n\n\n<p class=\"has-small-font-size\">Image by <a href=\"https:\/\/pixabay.com\/users\/dagmaryanbak-grafikdesign-900592\/?utm_source=link-attribution&amp;utm_medium=referral&amp;utm_campaign=image&amp;utm_content=8283285\" target=\"_blank\" rel=\"noreferrer noopener nofollow\">Dagmar Yanbak<\/a> from <a href=\"https:\/\/pixabay.com\/\/?utm_source=link-attribution&amp;utm_medium=referral&amp;utm_campaign=image&amp;utm_content=8283285\" target=\"_blank\" rel=\"noreferrer noopener nofollow\">Pixabay<\/a><\/p>\n\n\n\n<p><\/p>\n\n\n<p><div class=\"tnp tnp-subscription \">\n<form method=\"post\" action=\"https:\/\/annette-schmucker.de\/wordpress\/wp-admin\/admin-ajax.php?action=tnp&amp;na=s\">\n<input type=\"hidden\" name=\"nlang\" value=\"\">\n<div class=\"tnp-field tnp-field-firstname\"><label for=\"tnp-1\">Vorname<\/label>\n<input class=\"tnp-name\" type=\"text\" name=\"nn\" id=\"tnp-1\" value=\"\" placeholder=\"\"><\/div>\n<div class=\"tnp-field tnp-field-surname\"><label for=\"tnp-2\">Nachname<\/label>\n<input class=\"tnp-surname\" type=\"text\" name=\"ns\" id=\"tnp-2\" value=\"\" placeholder=\"\"><\/div><div class=\"tnp-field tnp-field-email\"><label for=\"tnp-3\">Email<\/label>\n<input class=\"tnp-email\" type=\"email\" name=\"ne\" id=\"tnp-3\" value=\"\" placeholder=\"\" required><\/div>\n<div class=\"tnp-field tnp-lists\"><div class=\"tnp-field tnp-field-checkbox tnp-field-list\"><label for=\"nl5\"><input type=\"checkbox\" id=\"nl5\" name=\"nl[]\" value=\"1\"> Ausstellungen - Informationen und Termine<\/label><\/div>\n<div class=\"tnp-field tnp-field-checkbox tnp-field-list\"><label for=\"nl6\"><input type=\"checkbox\" id=\"nl6\" name=\"nl[]\" value=\"2\"> Malkurse - Informationen und Termine<\/label><\/div>\n<\/div><div class=\"tnp-field tnp-privacy-field\"><label><input type=\"checkbox\" name=\"ny\" required class=\"tnp-privacy\"> <a target=\"_blank\" href=\"https:\/\/annette-schmucker.de\/index.php\/kontakt\/datenschutzerklaerung-2\/\">Indem Du fortf\u00e4hrst, akzeptierst Du unsere Datenschutzerkl\u00e4rung.<\/a><\/label><\/div><div class=\"tnp-field tnp-field-button\" style=\"text-align: left\"><input class=\"tnp-submit\" type=\"submit\" value=\"Abonnieren\" style=\"\">\n<\/div>\n<\/form>\n<\/div>\n<\/p>\n","protected":false},"excerpt":{"rendered":"<p>Hier k\u00f6nnen Sie meinen Newsletter abonnieren. Ich informiere darin \u00fcber Ausstellungen, Neuigkeiten aus dem Atelier oder die Freigabe der Termine f\u00fcr die neuen Malkurse. Er kann jederzeit \u00fcber einen Link am Ende des Newsletters auch wieder abbestellt werden. Image by Dagmar Yanbak from Pixabay<\/p>\n","protected":false},"author":3,"featured_media":0,"parent":0,"menu_order":0,"comment_status":"closed","ping_status":"closed","template":"","meta":{"_seopress_robots_primary_cat":"","_seopress_titles_title":"","_seopress_titles_desc":"Anmeldung zum Newsletter","_seopress_robots_index":"","footnotes":""},"class_list":["post-6076","page","type-page","status-publish","hentry","no-post-thumbnail","post-grid-3-col","entry"],"jetpack_sharing_enabled":true,"_links":{"self":[{"href":"https:\/\/annette-schmucker.de\/index.php\/wp-json\/wp\/v2\/pages\/6076","targetHints":{"allow":["GET"]}}],"collection":[{"href":"https:\/\/annette-schmucker.de\/index.php\/wp-json\/wp\/v2\/pages"}],"about":[{"href":"https:\/\/annette-schmucker.de\/index.php\/wp-json\/wp\/v2\/types\/page"}],"author":[{"embeddable":true,"href":"https:\/\/annette-schmucker.de\/index.php\/wp-json\/wp\/v2\/users\/3"}],"replies":[{"embeddable":true,"href":"https:\/\/annette-schmucker.de\/index.php\/wp-json\/wp\/v2\/comments?post=6076"}],"version-history":[{"count":7,"href":"https:\/\/annette-schmucker.de\/index.php\/wp-json\/wp\/v2\/pages\/6076\/revisions"}],"predecessor-version":[{"id":11124,"href":"https:\/\/annette-schmucker.de\/index.php\/wp-json\/wp\/v2\/pages\/6076\/revisions\/11124"}],"wp:attachment":[{"href":"https:\/\/annette-schmucker.de\/index.php\/wp-json\/wp\/v2\/media?parent=6076"}],"curies":[{"name":"wp","href":"https:\/\/api.w.org\/{rel}","templated":true}]}}