{"id":41,"date":"2015-10-28T22:14:54","date_gmt":"2015-10-28T21:14:54","guid":{"rendered":"http:\/\/annette-schmucker.de\/wordpress\/?page_id=41"},"modified":"2024-02-28T10:56:02","modified_gmt":"2024-02-28T09:56:02","slug":"kontakt","status":"publish","type":"page","link":"https:\/\/annette-schmucker.de\/index.php\/kontakt\/","title":{"rendered":"Kontakt"},"content":{"rendered":"<p>Annette Schmucker<br \/>\nAtelier und Galerie<br \/>\n\u00c4hrenweg 7<br \/>\nD-88326 Aulendorf<\/p>\n<p>\u00d6ffnungzeiten nach Vereinbarung<\/p>\n<p>Tel.: +49 (0)7525.911577<br \/>\nMobil: +49 (0)1577.5351688<br \/>\nE-Mail: <a href=\"mailto:email@annette-schmucker.de\">email@annette-schmucker.de<\/a><\/p>\n<p>Bilderwerb:<br \/>\nDer Erwerb eines Bildes ist durch einen Besuch im Atelier m\u00f6glich oder auch sehr gerne durch Versand mit R\u00fcckgaberecht, problemlos auch ins Ausland. Nehmen Sie einfach Kontakt mit mir auf.<\/p>\n<p>Hinweise und Erl\u00e4uterungen zu Haftung, Urheberrecht und Datenschutz finden Sie im <a href=\"\/index.php\/impressum\">Impressum<\/a><\/p>\n","protected":false},"excerpt":{"rendered":"<p>Annette Schmucker Atelier und Galerie \u00c4hrenweg 7 D-88326 Aulendorf \u00d6ffnungzeiten nach Vereinbarung Tel.: +49 (0)7525.911577 Mobil: +49 (0)1577.5351688 E-Mail: email@annette-schmucker.de Bilderwerb: Der Erwerb eines Bildes ist durch einen Besuch im Atelier m\u00f6glich oder auch sehr gerne durch Versand mit R\u00fcckgaberecht, problemlos auch ins Ausland. Nehmen Sie einfach Kontakt mit mir auf. Hinweise und Erl\u00e4uterungen zu&hellip;<\/p>\n","protected":false},"author":1,"featured_media":0,"parent":0,"menu_order":0,"comment_status":"closed","ping_status":"closed","template":"","meta":{"_seopress_robots_primary_cat":"","_seopress_titles_title":"","_seopress_titles_desc":"","_seopress_robots_index":"","footnotes":""},"class_list":["post-41","page","type-page","status-publish","hentry","no-post-thumbnail","post-grid-3-col","entry"],"jetpack_sharing_enabled":true,"_links":{"self":[{"href":"https:\/\/annette-schmucker.de\/index.php\/wp-json\/wp\/v2\/pages\/41","targetHints":{"allow":["GET"]}}],"collection":[{"href":"https:\/\/annette-schmucker.de\/index.php\/wp-json\/wp\/v2\/pages"}],"about":[{"href":"https:\/\/annette-schmucker.de\/index.php\/wp-json\/wp\/v2\/types\/page"}],"author":[{"embeddable":true,"href":"https:\/\/annette-schmucker.de\/index.php\/wp-json\/wp\/v2\/users\/1"}],"replies":[{"embeddable":true,"href":"https:\/\/annette-schmucker.de\/index.php\/wp-json\/wp\/v2\/comments?post=41"}],"version-history":[{"count":11,"href":"https:\/\/annette-schmucker.de\/index.php\/wp-json\/wp\/v2\/pages\/41\/revisions"}],"predecessor-version":[{"id":7947,"href":"https:\/\/annette-schmucker.de\/index.php\/wp-json\/wp\/v2\/pages\/41\/revisions\/7947"}],"wp:attachment":[{"href":"https:\/\/annette-schmucker.de\/index.php\/wp-json\/wp\/v2\/media?parent=41"}],"curies":[{"name":"wp","href":"https:\/\/api.w.org\/{rel}","templated":true}]}}