{"id":12,"date":"2015-10-28T22:09:24","date_gmt":"2015-10-28T21:09:24","guid":{"rendered":"http:\/\/annette-schmucker.de\/wordpress\/?page_id=12"},"modified":"2025-11-27T16:30:02","modified_gmt":"2025-11-27T15:30:02","slug":"ueber-mich","status":"publish","type":"page","link":"https:\/\/annette-schmucker.de\/index.php\/ueber-mich\/","title":{"rendered":"\u00dcber mich"},"content":{"rendered":"\n<div class=\"wp-block-media-text is-stacked-on-mobile\"><figure class=\"wp-block-media-text__media\"><img loading=\"lazy\" decoding=\"async\" width=\"261\" height=\"300\" data-attachment-id=\"2789\" data-permalink=\"https:\/\/annette-schmucker.de\/index.php\/ueber-mich\/20181202_123011\/\" data-orig-file=\"https:\/\/annette-schmucker.de\/wordpress\/wp-content\/uploads\/20181202_123011.jpg\" data-orig-size=\"1284,1476\" data-comments-opened=\"0\" data-image-meta=\"{&quot;aperture&quot;:&quot;1.7&quot;,&quot;credit&quot;:&quot;&quot;,&quot;camera&quot;:&quot;SM-G935F&quot;,&quot;caption&quot;:&quot;&quot;,&quot;created_timestamp&quot;:&quot;1543753811&quot;,&quot;copyright&quot;:&quot;&quot;,&quot;focal_length&quot;:&quot;4.2&quot;,&quot;iso&quot;:&quot;64&quot;,&quot;shutter_speed&quot;:&quot;0.02&quot;,&quot;title&quot;:&quot;&quot;,&quot;orientation&quot;:&quot;1&quot;}\" data-image-title=\"20181202_123011\" data-image-description=\"\" data-image-caption=\"\" data-large-file=\"https:\/\/annette-schmucker.de\/wordpress\/wp-content\/uploads\/20181202_123011-891x1024.jpg\" src=\"http:\/\/annette-schmucker.de\/wordpress\/wp-content\/uploads\/20181202_123011-261x300.jpg\" alt=\"\" class=\"wp-image-2789 size-full\" srcset=\"https:\/\/annette-schmucker.de\/wordpress\/wp-content\/uploads\/20181202_123011-261x300.jpg 261w, https:\/\/annette-schmucker.de\/wordpress\/wp-content\/uploads\/20181202_123011-891x1024.jpg 891w, https:\/\/annette-schmucker.de\/wordpress\/wp-content\/uploads\/20181202_123011.jpg 1284w\" sizes=\"auto, (max-width: 261px) 100vw, 261px\" \/><\/figure><div class=\"wp-block-media-text__content\">\n<p>Ich lebe mit meiner Familie in Aulendorf in S\u00fcddeutschland und habe bis zum Jahr 2000 als \u00c4rztin gearbeitet. Seit meiner Kindheit begeistere ich mich f\u00fcr die Malerei.<\/p>\n\n\n\n<p>Als autodidaktische K\u00fcnstlerin arbeite ich aus dem Bewusstsein heraus, dass ich niemandem verpflichtet bin. Ich muss nicht nach einer \u201eindividuellen Handschrift\u201d streben und ich muss nicht in eine bestimmte Richtung malen. Ein strenger \u201eRichter\u201d meiner Bilder bin nur ich selbst.<\/p>\n\n\n\n<p>Diese gro\u00dfe Freiheit gibt mir viel Raum f\u00fcr neue Ideen.<\/p>\n\n\n\n<p>Ich liebe die Vielfalt und besch\u00e4ftige mich immer wieder mit ganz unterschiedlichen Themen und Techniken. Oft arbeite ich an verschiedenen Techniken und Bildern gleichzeitig. Ich m\u00f6chte keiner einzigen vorgegebenen Linie folgen.<\/p>\n<\/div><\/div>\n\n\n\n<div style=\"height:50px\" aria-hidden=\"true\" class=\"wp-block-spacer\"><\/div>\n\n\n\n<p>Bei sehr unterschiedlichen Motiven und Techniken ist eine \u00fcbergreifende Gemeinsamkeit meiner Bilder die Bildsprache und der Ausdruck: Mein Anliegen ist es, Licht, Weite und Raum darzustellen. Ich arbeite sowohl mit konkreten als auch mit abstrakten Motiven und kombiniere gerne beides.<\/p>\n\n\n\n<p>Die Techniken, die ich verwende, sind vielf\u00e4ltig: \u00d6lfarbe spielt aufgrund ihrer Brillanz in den meisten Gem\u00e4lden eine f\u00fchrende Rolle. Aber ich sch\u00e4tze auch die Kombination von \u00d6lfarbe mit Acrylfarbe, um neue experimentelle Techniken zu entwickeln, insbesondere in den abstrakten Bildern. Fast alle Bilder sind in vielen \u00fcbereinanderliegenden Lasurschichten aufgebaut.<\/p>\n\n\n\n<hr class=\"wp-block-separator has-alpha-channel-opacity\"\/>\n\n\n\n<h2 class=\"wp-block-heading\"><strong>Zusammenarbeit mit Galerien<\/strong><\/h2>\n\n\n\n<p><strong>Inspire ARTGallery<\/strong> in Dresden<\/p>\n\n\n\n<p>Besichtigung nach Vereinbarung zu folgenden Zeiten: Montag, Dienstag, Donnerstag und Freitag von 15 bis 19 Uhr, Mittwoch von 10 bis 14 Uhr und Samstag von 10 bis 13 Uhr.<\/p>\n\n\n\n<p>Hoyerswerdaer Stra\u00dfe 21, 01099 Dresden<br><a href=\"http:\/\/www.inspire-art.de\/\" target=\"_blank\" rel=\"noopener\">www.inspire-art.de<\/a><\/p>\n\n\n\n<hr class=\"wp-block-separator has-alpha-channel-opacity\"\/>\n\n\n\n<h2 class=\"wp-block-heading\"><strong>Unterricht<\/strong><\/h2>\n\n\n\n<p><strong>Atelier Annette Schmucker in Aulendorf<\/strong><\/p>\n\n\n\n<p>Unterricht f\u00fcr Gruppen von 4 Teilnehmern.<\/p>\n\n\n\n<p>Schauen Sie hier mal rein:&nbsp; <a href=\"https:\/\/annette-schmucker.de\/index.php\/malkurse\/\">Malkurse<\/a><\/p>\n\n\n\n<hr class=\"wp-block-separator has-alpha-channel-opacity\"\/>\n\n\n\n<h2 class=\"wp-block-heading\"><strong>Rezensionen, Auszeichnungen und Ver\u00f6ffentlichungen<\/strong><\/h2>\n\n\n\n<h3 class=\"wp-block-heading entry-header\"><strong>Buch &#8222;Wachen und Tr\u00e4umen&#8220;, Bild und Lyrik von Annette Schmucker und J\u00f6rg Ulrich Helgert<\/strong><\/h3>\n\n\n\n<div class=\"entry-content\">\n<p>Am 1. November 2020 ist im Editionwort Verlag das Buch \u201cWACHEN UND TR\u00c4UMEN\u201d mit meinen Bildern und dazugeh\u00f6rigen Gedichten von J\u00f6rg Ulrich Helgert erschienen. Das Buch kann in jeder Buchhandlung oder im Versandhandel unter Angabe der ISBN 978-3-936554-44-1 (Taschenbuch) oder ISBN 978-3-936554-46-5 (Hardcover) bezogen werden. Der Preis f\u00fcr das Taschenbuch betr\u00e4gt 17 Euro und f\u00fcr das Hardcover-Buch 27 Euro. Gerne k\u00f6nnen Sie das Buch auch direkt \u00fcber mich beziehen: Schreiben Sie mir eine email oder rufen Sie mich an.<br><a href=\"https:\/\/editionwortverlag.de\/buch\/wachen-traeumen\" target=\"_blank\" rel=\"noopener noreferrer\">Hier gibt es weitere Infos zum Buch und auch eine Leseprobe<\/a><\/p>\n<\/div>\n\n\n\n<h3 class=\"wp-block-heading\"><strong>Sammelpunkt 02: <\/strong><\/h3>\n\n\n\n<p>10 meiner Bilder sind zusammen mit Lyrik und Texten von J\u00f6rg Ulrich Helgert ver\u00f6ffentlicht, Myshow Verlag, 2018, ISBN 978-3-946505-03-7,<\/p>\n\n\n\n<h3 class=\"wp-block-heading\"><b>K\u00fcnstlerportrait in der Zeitschrift &#8222;Der Allgemeinarzt&#8220;, 2015<\/b><\/h3>\n\n\n\n<h3 class=\"wp-block-heading\"><b>K\u00fcnstlerportrait im Gerst\u00e4cker Katalog 2016<\/b><\/h3>\n\n\n\n<h3 class=\"wp-block-heading\"><strong>Waldbronn Award: <\/strong><strong>Beste k\u00fcnstlerische Leistung bei den Kunsttagen Waldbronn 2016<br><\/strong><\/h3>\n\n\n\n<h3 class=\"wp-block-heading\"><strong>P<\/strong><strong>almart Award: <\/strong><strong>Certificate of excellence 2014<br><\/strong><\/h3>\n\n\n\n<h3 class=\"wp-block-heading\"><b>Voting-Gewinner der Galerie Suisse Arte Dezember 2014<\/b><\/h3>\n\n\n\n<h3 class=\"wp-block-heading\"><strong>Voting-Gewinner 2. Platz der Galerie Suisse Arte August und November 2014<\/strong><\/h3>\n\n\n\n<h3 class=\"wp-block-heading\"><b>K\u00fcnstlerportrait in der Zeitschrift &#8222;Mein Kreativ Atelier&#8220; Nr. 64, 2014<br><a href=\"http:\/\/annette-schmucker.de\/wordpress\/wp-content\/uploads\/K\u00fcnstlerportrait-mein-kreativ-Atelier__.pdf\" target=\"_blank\" rel=\"noopener\">Hier ist der ganze Artikel<\/a><br><\/b><\/h3>\n\n\n\n<hr class=\"wp-block-separator has-alpha-channel-opacity\"\/>\n\n\n\n<h2 class=\"wp-block-heading tw-data-text tw-text-large tw-ta\" id=\"tw-target-text\"><strong><span class=\"Y2IQFc\" lang=\"en\">Fr\u00fchere Ausstellungen<\/span><\/strong><\/h2>\n\n\n\n<table id=\"tablepress-3\" class=\"tablepress tablepress-id-3\">\n<tbody>\n<tr class=\"row-1\">\n\t<td class=\"column-1\"><b>2022<\/b><\/td><td class=\"column-2\">N\u00e4he und Distanz, Ausstellung in der Treppenhausgalerie Karsee<\/td>\n<\/tr>\n<tr class=\"row-2\">\n\t<td class=\"column-1\"><b>2019<\/b><\/td><td class=\"column-2\">Kammgarn Kaiserslautern<\/td>\n<\/tr>\n<tr class=\"row-3\">\n\t<td class=\"column-1\"><b>2019<\/b><\/td><td class=\"column-2\">Kreissparkasse Bad Schussenried<\/td>\n<\/tr>\n<tr class=\"row-4\">\n\t<td class=\"column-1\"><b>2018<\/b><\/td><td class=\"column-2\">&#8222;Nackte Tatsache&#8220;, Ausstellung in der Treppenhausgalerie in Karsee<\/td>\n<\/tr>\n<tr class=\"row-5\">\n\t<td class=\"column-1\"><b>2018<\/b><\/td><td class=\"column-2\">Kunstmesse &#8222;Kunstschimmer&#8220; in Ulm<\/td>\n<\/tr>\n<tr class=\"row-6\">\n\t<td class=\"column-1\"><b>2017<\/b><\/td><td class=\"column-2\">Ausstellung in der Galerie Stellwerk in Heerbrugg in der Schweiz<\/td>\n<\/tr>\n<tr class=\"row-7\">\n\t<td class=\"column-1\"><b>2016<\/b><\/td><td class=\"column-2\">Ausstellung im Kino &#8222;Seenema&#8220; in Bad Waldsee<\/td>\n<\/tr>\n<tr class=\"row-8\">\n\t<td class=\"column-1\"><b>2016<\/b><\/td><td class=\"column-2\">Kunsttage Waldbronn in Waldbronn bei Karlsruhe. Verleihung des Kunstpreises &#8222;Waldbronn Award&#8220;<\/td>\n<\/tr>\n<tr class=\"row-9\">\n\t<td class=\"column-1\"><b>2016<\/b><\/td><td class=\"column-2\">&#8222;Der Akt in der Kunst&#8220; jurierte Sonderausstellung im Daetz-Centrum in Lichtenstein, Sachsen<\/td>\n<\/tr>\n<tr class=\"row-10\">\n\t<td class=\"column-1\"><b>2016<\/b><\/td><td class=\"column-2\">Galerie Wache in Laupheim<\/td>\n<\/tr>\n<tr class=\"row-11\">\n\t<td class=\"column-1\"><b>2015<\/b><\/td><td class=\"column-2\">Kunstverein Justizia im Landgericht Ravenburg<\/td>\n<\/tr>\n<tr class=\"row-12\">\n\t<td class=\"column-1\"><b>2014<\/b><\/td><td class=\"column-2\">Raiffeisenbank Eberhardzell<br \/>\nJurierte Ausstellung im Daetz-Centrum Lichtenstein<br \/>\nRathaus Gr\u00fcnkraut<\/td>\n<\/tr>\n<tr class=\"row-13\">\n\t<td class=\"column-1\"><b>2013<\/b><\/td><td class=\"column-2\">B\u00fccherei Bad Waldsee<br \/>\nSparkasse Riedlingen<br \/>\nJurierte Ausstellung im Daetz-Centrum Lichtenstein<\/td>\n<\/tr>\n<tr class=\"row-14\">\n\t<td class=\"column-1\"><b>seit 2012<\/b><\/td><td class=\"column-2\">j\u00e4hrliche Teilnahme an der Kunstnacht Ravensburg<\/td>\n<\/tr>\n<tr class=\"row-15\">\n\t<td class=\"column-1\"><b>2012\u20132015<\/b><\/td><td class=\"column-2\">St\u00e4ndige Ausstellung im Kunsthaus Bingold, N\u00fcrnberg<\/td>\n<\/tr>\n<tr class=\"row-16\">\n\t<td class=\"column-1\"><b>2012<\/b><\/td><td class=\"column-2\">Mehrgenerationenhaus Ravensburg<br \/>\nRathaus Schlier<br \/>\nSchussentalklinik Aulendorf<\/td>\n<\/tr>\n<tr class=\"row-17\">\n\t<td class=\"column-1\"><b>2011<\/b><\/td><td class=\"column-2\">Galerie Art Anders, Vogt<\/td>\n<\/tr>\n<tr class=\"row-18\">\n\t<td class=\"column-1\"><b>2011<\/b><\/td><td class=\"column-2\">Kunstauktion in der Villa Berger , Glauchau <br \/>\nSchloss Waldenburg, Glauchau<br \/>\nKunstmesse Klagenfurt mit dem Kunsthaus Ars Artis<\/td>\n<\/tr>\n<tr class=\"row-19\">\n\t<td class=\"column-1\"><b>2010<\/b><\/td><td class=\"column-2\">Herzklinik Ulm<\/td>\n<\/tr>\n<tr class=\"row-20\">\n\t<td class=\"column-1\"><b>2009\u20132015<\/b><\/td><td class=\"column-2\">St\u00e4ndige Ausstellung Galerie Botzenhardt, Ulm<\/td>\n<\/tr>\n<tr class=\"row-21\">\n\t<td class=\"column-1\"><b>2009\u20132013<\/b><\/td><td class=\"column-2\">J\u00e4hrliche Teilnahme an der Kunstnacht Ulm in der Galerie Botzenhardt<\/td>\n<\/tr>\n<tr class=\"row-22\">\n\t<td class=\"column-1\"><b>2009\u20132012<\/b><\/td><td class=\"column-2\">Kunsthaus Ars Artis, Klagenfurt, \u00d6sterreich<\/td>\n<\/tr>\n<tr class=\"row-23\">\n\t<td class=\"column-1\"><b>2009<\/strong><\/td><td class=\"column-2\">Klinik am Sch\u00f6nen Moos, Bad Saulgau<br \/>\nJurierte Ausstellung: Kunstschaffen im Landkreis Ravensburg<br \/>\nKunstmesse Klagenfurt mit dem Kunsthaus Ars Artis<\/td>\n<\/tr>\n<tr class=\"row-24\">\n\t<td class=\"column-1\"><b>seit 2008<\/b><\/td><td class=\"column-2\">Dauerausstellung in Atelier und Galerie Annette Schmucker, Aulendorf<\/td>\n<\/tr>\n<tr class=\"row-25\">\n\t<td class=\"column-1\"><b>2008<\/b><\/td><td class=\"column-2\">B\u00fccherei Bad Waldsee<\/td>\n<\/tr>\n<tr class=\"row-26\">\n\t<td class=\"column-1\"><b>seit 2007<\/b><\/td><td class=\"column-2\">J\u00e4hrliche Teilnahme an der Kunstnacht Weingarten<\/td>\n<\/tr>\n<tr class=\"row-27\">\n\t<td class=\"column-1\"><b>2007<\/b><\/td><td class=\"column-2\">Arte Pittorica Biberach<\/td>\n<\/tr>\n<tr class=\"row-28\">\n\t<td class=\"column-1\"><b>2006<\/b><\/td><td class=\"column-2\">Galerie am See Bad Waldsee<br \/>\nParksanatorium Aulendorf<\/td>\n<\/tr>\n<tr class=\"row-29\">\n\t<td class=\"column-1\"><b>seit 2005<\/b><\/td><td class=\"column-2\">J\u00e4hrliche Teilnahme an der Kunstnacht Bad Schussenried<\/td>\n<\/tr>\n<tr class=\"row-30\">\n\t<td class=\"column-1\"><b>2005<\/b><\/td><td class=\"column-2\">Jurierte Ausstellung: Kunstschaffen im Landkreis Ravensburg<br \/>\nKunsthaus Geiger Ravensburg<br \/>\nSyrlin Jubil\u00e4umsausstellung Rathaus Stuttgart<\/td>\n<\/tr>\n<\/tbody>\n<\/table>\n<!-- #tablepress-3 from cache -->\n\n\n<p><\/p>\n","protected":false},"excerpt":{"rendered":"<p>Ich lebe mit meiner Familie in Aulendorf in S\u00fcddeutschland und habe bis zum Jahr 2000 als \u00c4rztin gearbeitet. Seit meiner Kindheit begeistere ich mich f\u00fcr die Malerei. Als autodidaktische K\u00fcnstlerin arbeite ich aus dem Bewusstsein heraus, dass ich niemandem verpflichtet bin. Ich muss nicht nach einer \u201eindividuellen Handschrift\u201d streben und ich muss nicht in eine&hellip;<\/p>\n","protected":false},"author":1,"featured_media":0,"parent":0,"menu_order":0,"comment_status":"closed","ping_status":"closed","template":"","meta":{"_seopress_robots_primary_cat":"","_seopress_titles_title":"","_seopress_titles_desc":"","_seopress_robots_index":"","footnotes":""},"class_list":["post-12","page","type-page","status-publish","hentry","no-post-thumbnail","post-grid-3-col","entry"],"jetpack_sharing_enabled":true,"_links":{"self":[{"href":"https:\/\/annette-schmucker.de\/index.php\/wp-json\/wp\/v2\/pages\/12","targetHints":{"allow":["GET"]}}],"collection":[{"href":"https:\/\/annette-schmucker.de\/index.php\/wp-json\/wp\/v2\/pages"}],"about":[{"href":"https:\/\/annette-schmucker.de\/index.php\/wp-json\/wp\/v2\/types\/page"}],"author":[{"embeddable":true,"href":"https:\/\/annette-schmucker.de\/index.php\/wp-json\/wp\/v2\/users\/1"}],"replies":[{"embeddable":true,"href":"https:\/\/annette-schmucker.de\/index.php\/wp-json\/wp\/v2\/comments?post=12"}],"version-history":[{"count":95,"href":"https:\/\/annette-schmucker.de\/index.php\/wp-json\/wp\/v2\/pages\/12\/revisions"}],"predecessor-version":[{"id":11065,"href":"https:\/\/annette-schmucker.de\/index.php\/wp-json\/wp\/v2\/pages\/12\/revisions\/11065"}],"wp:attachment":[{"href":"https:\/\/annette-schmucker.de\/index.php\/wp-json\/wp\/v2\/media?parent=12"}],"curies":[{"name":"wp","href":"https:\/\/api.w.org\/{rel}","templated":true}]}}