{"id":11442,"date":"2025-12-26T07:21:07","date_gmt":"2025-12-26T06:21:07","guid":{"rendered":"https:\/\/annette-schmucker.de\/?page_id=11442"},"modified":"2025-12-26T12:02:35","modified_gmt":"2025-12-26T11:02:35","slug":"datenschutzerklaerung-2","status":"publish","type":"page","link":"https:\/\/annette-schmucker.de\/index.php\/kontakt\/datenschutzerklaerung-2\/","title":{"rendered":"Datenschutzerkl\u00e4rung"},"content":{"rendered":"\n<p><strong>Datenschutzerkl\u00e4rung<\/strong><\/p>\n\n\n\n<p><strong>1. Datenschutz auf einen Blick<\/strong><\/p>\n\n\n\n<p><strong>Allgemeine Hinweise<\/strong> Die folgenden Hinweise geben einen einfachen \u00dcberblick dar\u00fcber, was mit Ihren personenbezogenen Daten passiert, wenn Sie diese Website besuchen. Personenbezogene Daten sind alle Daten, mit denen Sie pers\u00f6nlich identifiziert werden k\u00f6nnen.<\/p>\n\n\n\n<p><strong>Datenerfassung auf dieser Website<\/strong> Die Datenverarbeitung auf dieser Website erfolgt durch den Websitebetreiber. Dessen Kontaktdaten k\u00f6nnen Sie dem Abschnitt \u201eHinweis zur verantwortlichen Stelle\u201c in dieser Datenschutzerkl\u00e4rung entnehmen. Ihre Daten werden zum einen dadurch erhoben, dass Sie uns diese mitteilen (z. B. im Kontaktformular). Andere Daten werden automatisch oder nach Ihrer Einwilligung beim Besuch der Website durch unsere IT-Systeme erfasst (z. B. IP-Adresse, Browser, Uhrzeit).<\/p>\n\n\n\n<hr class=\"wp-block-separator has-alpha-channel-opacity\"\/>\n\n\n\n<p><strong>2. Verantwortliche Stelle<\/strong><\/p>\n\n\n\n<p>Der Verantwortliche f\u00fcr die Datenverarbeitung auf dieser Website ist:<\/p>\n\n\n\n<p><strong>Annette Schmucker, <\/strong>\u00c4hrenweg 7, D-88326 Aulendorf, Deutschland,<br>Tel.: +49 (0) 7525 \/ 911 577 E-Mail: email@annette-schmucker.de<br>Website: www.annette-schmucker.de<\/p>\n\n\n\n<hr class=\"wp-block-separator has-alpha-channel-opacity\"\/>\n\n\n\n<p><strong>3. Allgemeine Hinweise und Pflichtinformationen<\/strong><\/p>\n\n\n\n<p><strong>Widerruf Ihrer Einwilligung zur Datenverarbeitung<\/strong><br>Viele Datenverarbeitungsvorg\u00e4nge sind nur mit Ihrer ausdr\u00fccklichen Einwilligung m\u00f6glich. Sie k\u00f6nnen eine bereits erteilte Einwilligung jederzeit widerrufen. Die Rechtm\u00e4\u00dfigkeit der bis zum Widerruf erfolgten Datenverarbeitung bleibt vom Widerruf unber\u00fchrt.<\/p>\n\n\n\n<p><strong>Widerspruchsrecht gegen die Datenerhebung in besonderen F\u00e4llen sowie gegen Direktwerbung (Art. 21 DSGVO)<\/strong><br>Wenn die Datenverarbeitung auf Grundlage von Art. 6 Abs. 1 lit. e oder f DSGVO erfolgt, haben Sie jederzeit das Recht, aus Gr\u00fcnden, die sich aus Ihrer besonderen Situation ergeben, gegen die Verarbeitung Ihrer personenbezogenen Daten Widerspruch einzulegen.<\/p>\n\n\n\n<p><strong>Beschwerderecht bei der zust\u00e4ndigen Aufsichtsbeh\u00f6rde<\/strong><br>Im Falle von Verst\u00f6\u00dfen gegen die DSGVO steht den Betroffenen ein Beschwerderecht bei einer Aufsichtsbeh\u00f6rde zu. In Baden-W\u00fcrttemberg ist dies: <em>Der Landesbeauftragte f\u00fcr den Datenschutz und die Informationsfreiheit Baden-W\u00fcrttemberg<\/em>, Postfach 10 29 32, 70025 Stuttgart.<\/p>\n\n\n\n<p><strong>Recht auf Auskunft, L\u00f6schung und Berichtigung<\/strong><br>Sie haben im Rahmen der geltenden gesetzlichen Bestimmungen jederzeit das Recht auf unentgeltliche Auskunft \u00fcber Ihre gespeicherten personenbezogenen Daten, deren Herkunft und Empf\u00e4nger und den Zweck der Datenverarbeitung und ggf. ein Recht auf Berichtigung oder L\u00f6schung dieser Daten.<\/p>\n\n\n\n<p><strong>SSL- bzw. TLS-Verschl\u00fcsselung<\/strong><br>Diese Seite nutzt aus Sicherheitsgr\u00fcnden eine SSL- bzw. TLS-Verschl\u00fcsselung. Eine verschl\u00fcsselte Verbindung erkennen Sie daran, dass die Adresszeile des Browsers von \u201ehttp:\/\/\u201c auf \u201ehttps:\/\/\u201c wechselt und an dem Schloss-Symbol in Ihrer Browserzeile.<\/p>\n\n\n\n<hr class=\"wp-block-separator has-alpha-channel-opacity\"\/>\n\n\n\n<p><strong>4. Datenerfassung auf dieser Website<\/strong><\/p>\n\n\n\n<p><strong>Server-Log-Dateien<\/strong><br>Der Provider der Seiten erhebt und speichert automatisch Informationen in sogenannten Server-Log-Dateien, die Ihr Browser automatisch an uns \u00fcbermittelt. Dies sind:<\/p>\n\n\n\n<ul class=\"wp-block-list\">\n<li>Browsertyp und Browserversion \/ Betriebssystem<\/li>\n\n\n\n<li>Referrer URL (die zuvor besuchte Seite)<\/li>\n\n\n\n<li>Hostname des zugreifenden Rechners<\/li>\n\n\n\n<li>Uhrzeit der Serveranfrage und IP-Adresse<\/li>\n<\/ul>\n\n\n\n<p>Diese Daten sind technisch notwendig, um die Website stabil und sicher anzuzeigen. Rechtsgrundlage ist Art. 6 Abs. 1 lit. f DSGVO.<\/p>\n\n\n\n<p><strong>Kontaktformular \/ E-Mail-Kontakt<\/strong><br>Wenn Sie uns per E-Mail oder Kontaktformular Anfragen zukommen lassen, werden Ihre Angaben zwecks Bearbeitung der Anfrage und f\u00fcr den Fall von Anschlussfragen bei uns gespeichert. Diese Daten geben wir nicht ohne Ihre Einwilligung weiter. Die Verarbeitung erfolgt auf Grundlage von Art. 6 Abs. 1 lit. b DSGVO (Vertragserf\u00fcllung\/vorvertragliche Ma\u00dfnahmen) oder Art. 6 Abs. 1 lit. f DSGVO (berechtigtes Interesse an der Bearbeitung Ihrer Anfrage).<\/p>\n\n\n\n<p><strong>Cookies<\/strong><br>Unsere Internetseiten verwenden so genannte \u201eCookies\u201c. Cookies sind kleine Textdateien und richten auf Ihrem Endger\u00e4t keinen Schaden an.<\/p>\n\n\n\n<ul class=\"wp-block-list\">\n<li><strong>Notwendige Cookies:<\/strong> Erforderlich f\u00fcr den Betrieb der Seite (Art. 6 Abs. 1 lit. f DSGVO).<\/li>\n\n\n\n<li><strong>Analyse-\/Marketing-Cookies:<\/strong> Werden nur nach Ihrer aktiven Einwilligung verwendet (Art. 6 Abs. 1 lit. a DSGVO).<\/li>\n<\/ul>\n\n\n\n<p><strong>G\u00e4stebuch<\/strong><br>Die von Ihnen im G\u00e4stebuch erstellten Eintr\u00e4ge werden dauerhaft gespeichert. Wir behalten uns vor, Eintr\u00e4ge bei rechtswidrigen Inhalten zu l\u00f6schen. Rechtsgrundlage ist unser berechtigtes Interesse nach Art. 6 Abs. 1 lit. f DSGVO sowie Ihre Einwilligung durch das Absenden des Beitrags.<\/p>\n\n\n\n<hr class=\"wp-block-separator has-alpha-channel-opacity\"\/>\n\n\n\n<p><strong>5. Analyse-Tools und Werbung<\/strong><\/p>\n\n\n\n<p><strong>Google Analytics<\/strong> Diese Website nutzt Google Analytics der Google Ireland Limited (\u201eGoogle\u201c). Sofern Sie Ihre Einwilligung erteilt haben, werden Cookies zur Analyse Ihrer Websitenutzung verwendet. Die Informationen werden i.d.R. an einen Server von Google in den USA \u00fcbertragen.<\/p>\n\n\n\n<ul class=\"wp-block-list\">\n<li><strong>IP-Anonymisierung:<\/strong> Wir nutzen die Funktion \u201eanonymizeIp\u201c, wodurch Ihre IP-Adresse innerhalb der EU\/EWR gek\u00fcrzt wird.<\/li>\n\n\n\n<li><strong>Auftragsverarbeitung:<\/strong> Wir haben mit Google einen Vertrag zur Auftragsverarbeitung abgeschlossen.<\/li>\n\n\n\n<li><strong>Widerspruch:<\/strong> Sie k\u00f6nnen die Erfassung durch das Browser-Plugin unter <a href=\"https:\/\/tools.google.com\/dlpage\/gaoptout?hl=de\" target=\"_blank\" rel=\"noreferrer noopener\">https:\/\/tools.google.com\/dlpage\/gaoptout?hl=de<\/a> verhindern.<\/li>\n<\/ul>\n\n\n\n<p><strong>Jetpack f\u00fcr WordPress<\/strong> Wir nutzen das Plugin \u201eJetpack\u201c. Anbieter ist Automattic Inc., USA. Jetpack verwendet Cookies, um Besucherzahlen zu messen und Sicherheitsfunktionen (Schutz vor Brute-Force-Angriffen) bereitzustellen. Die Nutzung erfolgt auf Grundlage Ihrer Einwilligung (Art. 6 Abs. 1 lit. a DSGVO) oder unseres berechtigten Interesses an der Sicherheit (Art. 6 Abs. 1 lit. f DSGVO).<\/p>\n\n\n\n<hr class=\"wp-block-separator has-alpha-channel-opacity\"\/>\n\n\n\n<p><strong>6. Newsletter<\/strong><\/p>\n\n\n\n<p>Wenn Sie den angebotenen Newsletter beziehen m\u00f6chten, ben\u00f6tigen wir eine E-Mail-Adresse sowie Informationen, welche uns die \u00dcberpr\u00fcfung gestatten, dass Sie der Inhaber der angegebenen E-Mail-Adresse sind (<strong>Double-Opt-In-Verfahren<\/strong>). Ihre Einwilligung zur Speicherung der Daten und der E-Mail-Adresse sowie deren Nutzung zum Versand des Newsletters k\u00f6nnen Sie jederzeit \u00fcber den \u201eAustragen\u201c-Link im Newsletter widerrufen.<\/p>\n\n\n\n<hr class=\"wp-block-separator has-alpha-channel-opacity\"\/>\n\n\n\n<p><strong>7. Social Media Plugins (Shariff-L\u00f6sung)<\/strong><\/p>\n\n\n\n<p>Wir setzen auf unserer Website Social-Media-Buttons ein (z. B. Facebook, Twitter\/X, Pinterest). Um Ihre Privatsph\u00e4re zu sch\u00fctzen, nutzen wir die <strong>Shariff-L\u00f6sung<\/strong>. Das bedeutet: Die Buttons stellen erst dann eine direkte Verbindung zwischen Ihrem Browser und dem Server des jeweiligen sozialen Netzwerks her, wenn Sie aktiv auf den Button klicken. Vorher findet keine Daten\u00fcbertragung an die Diensteanbieter statt.<\/p>\n\n\n\n<p>Informationen zur Datennutzung durch die Anbieter:<\/p>\n\n\n\n<ul class=\"wp-block-list\">\n<li><strong>Facebook:<\/strong> <a href=\"https:\/\/www.facebook.com\/policy.php\" target=\"_blank\" rel=\"noreferrer noopener\">https:\/\/www.facebook.com\/policy.php<\/a><\/li>\n\n\n\n<li><strong>Twitter\/X:<\/strong> <a href=\"https:\/\/twitter.com\/privacy\" target=\"_blank\" rel=\"noreferrer noopener\">https:\/\/twitter.com\/privacy<\/a><\/li>\n\n\n\n<li><strong>Pinterest:<\/strong> <a href=\"https:\/\/policy.pinterest.com\/de\/privacy-policy\" target=\"_blank\" rel=\"noreferrer noopener\">https:\/\/policy.pinterest.com\/de\/privacy-policy<\/a><\/li>\n\n\n\n<li><strong>Google\/YouTube:<\/strong> <a href=\"https:\/\/policies.google.com\/privacy\" target=\"_blank\" rel=\"noreferrer noopener\">https:\/\/policies.google.com\/privacy<\/a><\/li>\n<\/ul>\n\n\n\n<hr class=\"wp-block-separator has-alpha-channel-opacity\"\/>\n\n\n\n<p><strong>8. Aktualit\u00e4t und \u00c4nderung<\/strong><\/p>\n\n\n\n<p>Diese Datenschutzerkl\u00e4rung ist aktuell g\u00fcltig und hat den Stand <strong>Dezember 2025<\/strong>. Durch die Weiterentwicklung unserer Website oder aufgrund ge\u00e4nderter gesetzlicher Vorgaben kann es notwendig werden, diese Erkl\u00e4rung zu \u00e4ndern. Bei einem erneuten Besuch der Seite gilt dann die jeweils aktuelle Fassung.<\/p>\n\n\n\n<p>Diese Datenschutzerkl\u00e4rung wurde mit gr\u00f6\u00dfter Sorgfalt erstellt. Sollte sie dennoch Fehler oder Unklarheiten enthalten, bitten wir um entsprechende Hinweise, damit wir die Erkl\u00e4rung entsprechend anpassen k\u00f6nnen.<\/p>\n","protected":false},"excerpt":{"rendered":"<p>Datenschutzerkl\u00e4rung 1. Datenschutz auf einen Blick Allgemeine Hinweise Die folgenden Hinweise geben einen einfachen \u00dcberblick dar\u00fcber, was mit Ihren personenbezogenen Daten passiert, wenn Sie diese Website besuchen. Personenbezogene Daten sind alle Daten, mit denen Sie pers\u00f6nlich identifiziert werden k\u00f6nnen. Datenerfassung auf dieser Website Die Datenverarbeitung auf dieser Website erfolgt durch den Websitebetreiber. Dessen Kontaktdaten k\u00f6nnen&hellip;<\/p>\n","protected":false},"author":3,"featured_media":0,"parent":41,"menu_order":2,"comment_status":"closed","ping_status":"closed","template":"","meta":{"_seopress_robots_primary_cat":"","_seopress_titles_title":"","_seopress_titles_desc":"","_seopress_robots_index":"","footnotes":""},"class_list":["post-11442","page","type-page","status-publish","hentry","no-post-thumbnail","post-grid-3-col","entry"],"jetpack_sharing_enabled":true,"_links":{"self":[{"href":"https:\/\/annette-schmucker.de\/index.php\/wp-json\/wp\/v2\/pages\/11442","targetHints":{"allow":["GET"]}}],"collection":[{"href":"https:\/\/annette-schmucker.de\/index.php\/wp-json\/wp\/v2\/pages"}],"about":[{"href":"https:\/\/annette-schmucker.de\/index.php\/wp-json\/wp\/v2\/types\/page"}],"author":[{"embeddable":true,"href":"https:\/\/annette-schmucker.de\/index.php\/wp-json\/wp\/v2\/users\/3"}],"replies":[{"embeddable":true,"href":"https:\/\/annette-schmucker.de\/index.php\/wp-json\/wp\/v2\/comments?post=11442"}],"version-history":[{"count":2,"href":"https:\/\/annette-schmucker.de\/index.php\/wp-json\/wp\/v2\/pages\/11442\/revisions"}],"predecessor-version":[{"id":11448,"href":"https:\/\/annette-schmucker.de\/index.php\/wp-json\/wp\/v2\/pages\/11442\/revisions\/11448"}],"up":[{"embeddable":true,"href":"https:\/\/annette-schmucker.de\/index.php\/wp-json\/wp\/v2\/pages\/41"}],"wp:attachment":[{"href":"https:\/\/annette-schmucker.de\/index.php\/wp-json\/wp\/v2\/media?parent=11442"}],"curies":[{"name":"wp","href":"https:\/\/api.w.org\/{rel}","templated":true}]}}