{"id":10917,"date":"2025-11-26T22:25:51","date_gmt":"2025-11-26T21:25:51","guid":{"rendered":"https:\/\/annette-schmucker.de\/?page_id=10917"},"modified":"2025-11-26T22:30:32","modified_gmt":"2025-11-26T21:30:32","slug":"boutique","status":"publish","type":"page","link":"https:\/\/annette-schmucker.de\/index.php\/boutique\/","title":{"rendered":"Boutique"},"content":{"rendered":"\n<h3 class=\"wp-block-heading\">Hier finden Sie B\u00fccher und Kalender direkt aus meinem Atelier, sowie eine Auswahl an Mode mit meinen Motiven bei meinen Partnern.<\/h3>\n\n\n\n<h2 class=\"wp-block-heading\">B\u00fccher<\/h2>\n\n\n\n<table id=\"tablepress-15\" class=\"tablepress tablepress-id-15\">\n<tbody class=\"row-striping row-hover\">\n<tr class=\"row-1\">\n\t<td class=\"column-1\"><figure id=\"attachment_6139\" aria-describedby=\"caption-attachment-6139\" style=\"width: 295px\" class=\"wp-caption alignleft\"><img loading=\"lazy\" decoding=\"async\" data-attachment-id=\"6139\" data-permalink=\"https:\/\/annette-schmucker.de\/?attachment_id=6139\" data-orig-file=\"https:\/\/annette-schmucker.de\/wordpress\/wp-content\/uploads\/Untitled-1-1.jpg\" data-orig-size=\"785,799\" data-comments-opened=\"0\" data-image-meta=\"{&quot;aperture&quot;:&quot;0&quot;,&quot;credit&quot;:&quot;&quot;,&quot;camera&quot;:&quot;&quot;,&quot;caption&quot;:&quot;&quot;,&quot;created_timestamp&quot;:&quot;0&quot;,&quot;copyright&quot;:&quot;&quot;,&quot;focal_length&quot;:&quot;0&quot;,&quot;iso&quot;:&quot;0&quot;,&quot;shutter_speed&quot;:&quot;0&quot;,&quot;title&quot;:&quot;&quot;,&quot;orientation&quot;:&quot;1&quot;}\" data-image-title=\"Untitled-1\" data-image-description=\"\" data-image-caption=\"&lt;p&gt;&amp;#8222;Wachen und Tr\u00e4umen&amp;#8220;, Gem\u00e4lde und Gedichte, &lt;\/p&gt;\n\" data-large-file=\"https:\/\/annette-schmucker.de\/wordpress\/wp-content\/uploads\/Untitled-1-1.jpg\" src=\"https:\/\/annette-schmucker.de\/wordpress\/wp-content\/uploads\/Untitled-1-1-295x300.jpg\" alt=\"\" width=\"295\" height=\"300\" class=\"size-medium wp-image-6139\" srcset=\"https:\/\/annette-schmucker.de\/wordpress\/wp-content\/uploads\/Untitled-1-1-295x300.jpg 295w, https:\/\/annette-schmucker.de\/wordpress\/wp-content\/uploads\/Untitled-1-1.jpg 785w\" sizes=\"auto, (max-width: 295px) 100vw, 295px\" \/><figcaption id=\"caption-attachment-6139\" class=\"wp-caption-text\">Titelseite<\/figcaption><\/figure><\/td><td class=\"column-2\">Taschenbuch | 17,- \u20ac | ISBN 978-3-936554-44-1 <br> Hardcover | 27,- \u20ac | ISBN 978-3-936554-46-5<br \/>\n<br \/>\nEin sch\u00f6nes Buch mit meinen Bildern und dazugeh\u00f6rigen Gedichten von J\u00f6rg Ulrich Helgert. Das Buch kann in jeder Buchhandlung oder im Versandhandel unter Angabe der ISBN 978-3-936554-44-1 (Taschenbuch) oder ISBN 978-3-936554-46-5 (Hardcover) bezogen werden. <br \/>\n<br \/>\nHier k\u00f6nnen Sie einen Blick in die im Buch enthaltenen Gedichte &amp; Gem\u00e4lde werfen:<br \/>\n<br \/>\n<a href=\"https:\/\/annette-schmucker.de\/index.php\/bild-lyrik\/\"  target=\"_blank\">Wachen und Tr\u00e4umen &#8211; Blick ins Buch<\/a><br \/>\n<br \/>\nHier k\u00f6nnen Sie das Buch direkt bestellen:<br \/>\n<a href=\"https:\/\/shop.autorenwelt.de\/products\/wachen-traumen-gemalde-und-gedichte-von-jorg-ulrich-helgert-juh-annette-schmucker-jorg-ulrich-helgert-1?utm_campaign=website&amp;utm_medium=email&amp;utm_source=sendgrid.com\" target=\"_blank\">\u201eWachen und Tr\u00e4umen\u201c Hardcover Buch<\/a><br \/>\n<br \/>\n<a href=\"https:\/\/shop.autorenwelt.de\/products\/wachen-traumen-gemalde-und-gedichte-von-jorg-ulrich-helgert-juh-annette-schmucker-jorg-ulrich-helgert-1?variant=55180755861829\" target=\"_blank\">\u201eWachen und Tr\u00e4umen\u201c Softcover Buch<\/a><\/td>\n<\/tr>\n<\/tbody>\n<\/table>\n<!-- #tablepress-15 from cache -->\n\n\n<hr class=\"wp-block-separator has-alpha-channel-opacity\"\/>\n\n\n\n<div style=\"height:50px\" aria-hidden=\"true\" class=\"wp-block-spacer\"><\/div>\n\n\n\n<h2 class=\"wp-block-heading\">Kalender<\/h2>\n\n\n\n<table id=\"tablepress-16\" class=\"tablepress tablepress-id-16\">\n<tbody class=\"row-striping row-hover\">\n<tr class=\"row-1\">\n\t<td class=\"column-1\"><img loading=\"lazy\" decoding=\"async\" data-attachment-id=\"10800\" data-permalink=\"https:\/\/annette-schmucker.de\/index.php\/kalender_2026\/kalender_beitragsbild2\/\" data-orig-file=\"https:\/\/annette-schmucker.de\/wordpress\/wp-content\/uploads\/Kalender_Beitragsbild2.jpg\" data-orig-size=\"700,700\" data-comments-opened=\"0\" data-image-meta=\"{&quot;aperture&quot;:&quot;0&quot;,&quot;credit&quot;:&quot;Dieter Schmucker&quot;,&quot;camera&quot;:&quot;&quot;,&quot;caption&quot;:&quot;&quot;,&quot;created_timestamp&quot;:&quot;1762165410&quot;,&quot;copyright&quot;:&quot;&quot;,&quot;focal_length&quot;:&quot;0&quot;,&quot;iso&quot;:&quot;0&quot;,&quot;shutter_speed&quot;:&quot;0&quot;,&quot;title&quot;:&quot;&quot;,&quot;orientation&quot;:&quot;0&quot;}\" data-image-title=\"Kalender_Beitragsbild2\" data-image-description=\"\" data-image-caption=\"\" data-large-file=\"https:\/\/annette-schmucker.de\/wordpress\/wp-content\/uploads\/Kalender_Beitragsbild2.jpg\" src=\"https:\/\/annette-schmucker.de\/wordpress\/wp-content\/uploads\/Kalender_Beitragsbild2-300x300.jpg\" alt=\"Kalender_Beitragsbild2\" width=\"300\" height=\"300\" class=\"alignleft size-medium wp-image-10800\" srcset=\"https:\/\/annette-schmucker.de\/wordpress\/wp-content\/uploads\/Kalender_Beitragsbild2-300x300.jpg 300w, https:\/\/annette-schmucker.de\/wordpress\/wp-content\/uploads\/Kalender_Beitragsbild2.jpg 700w\" sizes=\"auto, (max-width: 300px) 100vw, 300px\" \/><\/td><td class=\"column-2\"><b>Kalender f\u00fcr 2026 <\/b>mit insgesamt 13 Landschaftsmotiven (Titelseite und 12 Monate) im Format DIN A4, Hochformat. <br \/>\nDer Preis f\u00fcr den Kalender betr\u00e4gt 19.- Euro incl. Versand innerhalb Deutschlands.<br \/>\n<br \/>\nHier k\u00f6nnen Sie die Motive der einzelnen Monate ansehen:<br \/>\n<a href=\"https:\/\/annette-schmucker.de\/index.php\/kunstkalender-2026-das-einzigartige-geschenk\/\">Kunstkalender 2026 \u2013 Motive der Seiten<\/a><br \/>\n<br \/>\nHier k\u00f6nnen Sie den Kalender bestellen: <br \/>\n<a href=\"https:\/\/annette-schmucker.de\/index.php\/bestellung-wandkalender-2026-landschaften\/\">Kunstkalender 2026 \u2013 Bestellung<\/a><\/td>\n<\/tr>\n<tr class=\"row-2\">\n\t<td class=\"column-1\"><\/td><td class=\"column-2\"><\/td>\n<\/tr>\n<tr class=\"row-3\">\n\t<td class=\"column-1\"><\/td><td class=\"column-2\"><\/td>\n<\/tr>\n<\/tbody>\n<\/table>\n<!-- #tablepress-16 from cache -->\n\n\n<hr class=\"wp-block-separator has-alpha-channel-opacity\"\/>\n\n\n\n<div style=\"height:50px\" aria-hidden=\"true\" class=\"wp-block-spacer\"><\/div>\n\n\n\n<h2 class=\"wp-block-heading\">Mode<\/h2>\n\n\n\n<table id=\"tablepress-17\" class=\"tablepress tablepress-id-17\">\n<tbody class=\"row-striping row-hover\">\n<tr class=\"row-1\">\n\t<td class=\"column-1\"><a href=\"https:\/\/dolcezza.ca\/\" target=\"_blank\">Dolcezza Fashion<\/a><\/td><td class=\"column-2\">Dolcezza:<br \/>\nWir sind ein in Nordamerika ans\u00e4ssiges Unternehmen f\u00fcr moderne, gut kombinierbare Einzelteile und Accessoires. Jede Saison liefern wir wundersch\u00f6ne Kollektionen mit Fokus auf Details und nat\u00fcrlichen Stoffen in ausgew\u00e4hlten Mustern und Drucken. <br \/>\nUnsere Kollektionen finden Sie in den besten Gesch\u00e4ften weltweit.<\/td><td class=\"column-3\"><a href=\"https:\/\/dolcezza.ca\/artists\/annette-schmucker\/\" target=\"_blank\">K\u00fcnstler-Kollektionen Annette Schmucker im Herbst 2025<\/a><br \/>\n<br \/>\n<a href=\"https:\/\/dolcezza.ca\/simply-art\/the-blue-city\/\" target=\"_blank\">The Blue City<\/a><br \/>\n<br \/>\n<a href=\"https:\/\/dolcezza.ca\/simply-art\/mother-earth\/\" target=\"_blank\">Mother Earth<\/a><\/td>\n<\/tr>\n<\/tbody>\n<\/table>\n<!-- #tablepress-17 from cache -->\n\n\n<hr class=\"wp-block-separator has-alpha-channel-opacity\"\/>\n\n\n\n<p>Einige Beispiele aus der Modekollektion<\/p>\n\n\n\n<div class=\"wp-block-jetpack-slideshow aligncenter\" data-autoplay=\"true\" data-delay=\"3\" data-effect=\"slide\" style=\"--aspect-ratio:calc(768 \/ 1024)\"><div class=\"wp-block-jetpack-slideshow_container swiper\"><ul class=\"wp-block-jetpack-slideshow_swiper-wrapper swiper-wrapper\"><li class=\"wp-block-jetpack-slideshow_slide swiper-slide\"><figure><img loading=\"lazy\" decoding=\"async\" width=\"768\" height=\"1024\" alt=\"\" class=\"wp-block-jetpack-slideshow_image wp-image-10957\" data-id=\"10957\" data-aspect-ratio=\"768 \/ 1024\" src=\"https:\/\/annette-schmucker.de\/wordpress\/wp-content\/uploads\/Annette-Schmucker-The-Blue-City-75713-75153-2-Dolcezza-FALL25.jpg\" srcset=\"https:\/\/annette-schmucker.de\/wordpress\/wp-content\/uploads\/Annette-Schmucker-The-Blue-City-75713-75153-2-Dolcezza-FALL25.jpg 768w, https:\/\/annette-schmucker.de\/wordpress\/wp-content\/uploads\/Annette-Schmucker-The-Blue-City-75713-75153-2-Dolcezza-FALL25-225x300.jpg 225w\" sizes=\"(max-width: 768px) 100vw, 768px\" \/><\/figure><\/li><li class=\"wp-block-jetpack-slideshow_slide swiper-slide\"><figure><img loading=\"lazy\" decoding=\"async\" width=\"768\" height=\"1024\" alt=\"\" class=\"wp-block-jetpack-slideshow_image wp-image-10955\" data-id=\"10955\" data-aspect-ratio=\"768 \/ 1024\" src=\"https:\/\/annette-schmucker.de\/wordpress\/wp-content\/uploads\/Annette-Schmucker-Mother-Earth-75668-75222-3-Dolcezza-FALL25.jpg\" srcset=\"https:\/\/annette-schmucker.de\/wordpress\/wp-content\/uploads\/Annette-Schmucker-Mother-Earth-75668-75222-3-Dolcezza-FALL25.jpg 768w, https:\/\/annette-schmucker.de\/wordpress\/wp-content\/uploads\/Annette-Schmucker-Mother-Earth-75668-75222-3-Dolcezza-FALL25-225x300.jpg 225w\" sizes=\"(max-width: 768px) 100vw, 768px\" \/><\/figure><\/li><li class=\"wp-block-jetpack-slideshow_slide swiper-slide\"><figure><img loading=\"lazy\" decoding=\"async\" width=\"768\" height=\"1024\" alt=\"\" class=\"wp-block-jetpack-slideshow_image wp-image-10953\" data-id=\"10953\" data-aspect-ratio=\"768 \/ 1024\" src=\"https:\/\/annette-schmucker.de\/wordpress\/wp-content\/uploads\/Annette-Schmucker-The-Blue-City-75716-75153-3-Dolcezza-FALL25.jpg\" srcset=\"https:\/\/annette-schmucker.de\/wordpress\/wp-content\/uploads\/Annette-Schmucker-The-Blue-City-75716-75153-3-Dolcezza-FALL25.jpg 768w, https:\/\/annette-schmucker.de\/wordpress\/wp-content\/uploads\/Annette-Schmucker-The-Blue-City-75716-75153-3-Dolcezza-FALL25-225x300.jpg 225w\" sizes=\"(max-width: 768px) 100vw, 768px\" \/><\/figure><\/li><li class=\"wp-block-jetpack-slideshow_slide swiper-slide\"><figure><img loading=\"lazy\" decoding=\"async\" width=\"768\" height=\"1024\" alt=\"\" class=\"wp-block-jetpack-slideshow_image wp-image-10956\" data-id=\"10956\" data-aspect-ratio=\"768 \/ 1024\" src=\"https:\/\/annette-schmucker.de\/wordpress\/wp-content\/uploads\/Annette-Schmucker-Mother-Earth-75667-75665-3-Dolcezza-FALL25.jpg\" srcset=\"https:\/\/annette-schmucker.de\/wordpress\/wp-content\/uploads\/Annette-Schmucker-Mother-Earth-75667-75665-3-Dolcezza-FALL25.jpg 768w, https:\/\/annette-schmucker.de\/wordpress\/wp-content\/uploads\/Annette-Schmucker-Mother-Earth-75667-75665-3-Dolcezza-FALL25-225x300.jpg 225w\" sizes=\"(max-width: 768px) 100vw, 768px\" \/><\/figure><\/li><li class=\"wp-block-jetpack-slideshow_slide swiper-slide\"><figure><img loading=\"lazy\" decoding=\"async\" width=\"1024\" height=\"768\" alt=\"\" class=\"wp-block-jetpack-slideshow_image wp-image-10949\" data-id=\"10949\" data-aspect-ratio=\"1024 \/ 768\" src=\"https:\/\/annette-schmucker.de\/wordpress\/wp-content\/uploads\/Annette-Schmucker-Mother-Earth-75663-75223-4-Dolcezza-FALL25.jpg\" srcset=\"https:\/\/annette-schmucker.de\/wordpress\/wp-content\/uploads\/Annette-Schmucker-Mother-Earth-75663-75223-4-Dolcezza-FALL25.jpg 1024w, https:\/\/annette-schmucker.de\/wordpress\/wp-content\/uploads\/Annette-Schmucker-Mother-Earth-75663-75223-4-Dolcezza-FALL25-300x225.jpg 300w\" sizes=\"(max-width: 1024px) 100vw, 1024px\" \/><\/figure><\/li><li class=\"wp-block-jetpack-slideshow_slide swiper-slide\"><figure><img loading=\"lazy\" decoding=\"async\" width=\"768\" height=\"1024\" alt=\"\" class=\"wp-block-jetpack-slideshow_image wp-image-10952\" data-id=\"10952\" data-aspect-ratio=\"768 \/ 1024\" src=\"https:\/\/annette-schmucker.de\/wordpress\/wp-content\/uploads\/Annette-Schmucker-The-Blue-City-75711-75222-1-Dolcezza-FALL25.jpg\" srcset=\"https:\/\/annette-schmucker.de\/wordpress\/wp-content\/uploads\/Annette-Schmucker-The-Blue-City-75711-75222-1-Dolcezza-FALL25.jpg 768w, https:\/\/annette-schmucker.de\/wordpress\/wp-content\/uploads\/Annette-Schmucker-The-Blue-City-75711-75222-1-Dolcezza-FALL25-225x300.jpg 225w\" sizes=\"(max-width: 768px) 100vw, 768px\" \/><\/figure><\/li><li class=\"wp-block-jetpack-slideshow_slide swiper-slide\"><figure><img loading=\"lazy\" decoding=\"async\" width=\"768\" height=\"1024\" alt=\"\" class=\"wp-block-jetpack-slideshow_image wp-image-10951\" data-id=\"10951\" data-aspect-ratio=\"768 \/ 1024\" src=\"https:\/\/annette-schmucker.de\/wordpress\/wp-content\/uploads\/Annette-Schmucker-Mother-Earth-75663-75223-1-Dolcezza-FALL25.jpg\" srcset=\"https:\/\/annette-schmucker.de\/wordpress\/wp-content\/uploads\/Annette-Schmucker-Mother-Earth-75663-75223-1-Dolcezza-FALL25.jpg 768w, https:\/\/annette-schmucker.de\/wordpress\/wp-content\/uploads\/Annette-Schmucker-Mother-Earth-75663-75223-1-Dolcezza-FALL25-225x300.jpg 225w\" sizes=\"(max-width: 768px) 100vw, 768px\" \/><\/figure><\/li><li class=\"wp-block-jetpack-slideshow_slide swiper-slide\"><figure><img loading=\"lazy\" decoding=\"async\" width=\"768\" height=\"1024\" alt=\"\" class=\"wp-block-jetpack-slideshow_image wp-image-10954\" data-id=\"10954\" data-aspect-ratio=\"768 \/ 1024\" src=\"https:\/\/annette-schmucker.de\/wordpress\/wp-content\/uploads\/Annette-Schmucker-The-Blue-City-75716-75153-1-Dolcezza-FALL25.jpg\" srcset=\"https:\/\/annette-schmucker.de\/wordpress\/wp-content\/uploads\/Annette-Schmucker-The-Blue-City-75716-75153-1-Dolcezza-FALL25.jpg 768w, https:\/\/annette-schmucker.de\/wordpress\/wp-content\/uploads\/Annette-Schmucker-The-Blue-City-75716-75153-1-Dolcezza-FALL25-225x300.jpg 225w\" sizes=\"(max-width: 768px) 100vw, 768px\" \/><\/figure><\/li><li class=\"wp-block-jetpack-slideshow_slide swiper-slide\"><figure><img loading=\"lazy\" decoding=\"async\" width=\"768\" height=\"1024\" alt=\"\" class=\"wp-block-jetpack-slideshow_image wp-image-10947\" data-id=\"10947\" data-aspect-ratio=\"768 \/ 1024\" src=\"https:\/\/annette-schmucker.de\/wordpress\/wp-content\/uploads\/Annette-Schmucker-Mother-Earth-75661-75222-5-Dolcezza-FALL25.jpg\" srcset=\"https:\/\/annette-schmucker.de\/wordpress\/wp-content\/uploads\/Annette-Schmucker-Mother-Earth-75661-75222-5-Dolcezza-FALL25.jpg 768w, https:\/\/annette-schmucker.de\/wordpress\/wp-content\/uploads\/Annette-Schmucker-Mother-Earth-75661-75222-5-Dolcezza-FALL25-225x300.jpg 225w\" sizes=\"(max-width: 768px) 100vw, 768px\" \/><\/figure><\/li><li class=\"wp-block-jetpack-slideshow_slide swiper-slide\"><figure><img loading=\"lazy\" decoding=\"async\" width=\"768\" height=\"1024\" alt=\"\" class=\"wp-block-jetpack-slideshow_image wp-image-10948\" data-id=\"10948\" data-aspect-ratio=\"768 \/ 1024\" src=\"https:\/\/annette-schmucker.de\/wordpress\/wp-content\/uploads\/Annette-Schmucker-The-Blue-City-75713-75153-1-Dolcezza-FALL25.jpg\" srcset=\"https:\/\/annette-schmucker.de\/wordpress\/wp-content\/uploads\/Annette-Schmucker-The-Blue-City-75713-75153-1-Dolcezza-FALL25.jpg 768w, https:\/\/annette-schmucker.de\/wordpress\/wp-content\/uploads\/Annette-Schmucker-The-Blue-City-75713-75153-1-Dolcezza-FALL25-225x300.jpg 225w\" sizes=\"(max-width: 768px) 100vw, 768px\" \/><\/figure><\/li><li class=\"wp-block-jetpack-slideshow_slide swiper-slide\"><figure><img loading=\"lazy\" decoding=\"async\" width=\"768\" height=\"1024\" alt=\"\" class=\"wp-block-jetpack-slideshow_image wp-image-10950\" data-id=\"10950\" data-aspect-ratio=\"768 \/ 1024\" src=\"https:\/\/annette-schmucker.de\/wordpress\/wp-content\/uploads\/Annette-Schmucker-Mother-Earth-75661-75222-8-Dolcezza-FALL25.jpg\" srcset=\"https:\/\/annette-schmucker.de\/wordpress\/wp-content\/uploads\/Annette-Schmucker-Mother-Earth-75661-75222-8-Dolcezza-FALL25.jpg 768w, https:\/\/annette-schmucker.de\/wordpress\/wp-content\/uploads\/Annette-Schmucker-Mother-Earth-75661-75222-8-Dolcezza-FALL25-225x300.jpg 225w\" sizes=\"(max-width: 768px) 100vw, 768px\" \/><\/figure><\/li><\/ul><a class=\"wp-block-jetpack-slideshow_button-prev swiper-button-prev swiper-button-white\" role=\"button\"><\/a><a class=\"wp-block-jetpack-slideshow_button-next swiper-button-next swiper-button-white\" role=\"button\"><\/a><a aria-label=\"Pause Slideshow\" class=\"wp-block-jetpack-slideshow_button-pause\" role=\"button\"><\/a><div class=\"wp-block-jetpack-slideshow_pagination swiper-pagination swiper-pagination-white\"><\/div><\/div><\/div>\n\n\n\n<p><a href=\"https:\/\/dolcezza.ca\/store-map\/\" target=\"_blank\" rel=\"noreferrer noopener\">Shops mit Dolcezza-Produkten<\/a><\/p>\n\n\n\n<div style=\"height:50px\" aria-hidden=\"true\" class=\"wp-block-spacer\"><\/div>\n\n\n\n<h2 class=\"wp-block-heading\">Weitere Produkte<\/h2>\n\n\n","protected":false},"excerpt":{"rendered":"<p>Hier finden Sie B\u00fccher und Kalender direkt aus meinem Atelier, sowie eine Auswahl an Mode mit meinen Motiven bei meinen Partnern. B\u00fccher Kalender Mode Einige Beispiele aus der Modekollektion Shops mit Dolcezza-Produkten Weitere Produkte<\/p>\n","protected":false},"author":3,"featured_media":0,"parent":0,"menu_order":0,"comment_status":"closed","ping_status":"closed","template":"","meta":{"_seopress_robots_primary_cat":"","_seopress_titles_title":"","_seopress_titles_desc":"","_seopress_robots_index":"","footnotes":""},"class_list":["post-10917","page","type-page","status-publish","hentry","no-post-thumbnail","post-grid-3-col","entry"],"jetpack_sharing_enabled":true,"_links":{"self":[{"href":"https:\/\/annette-schmucker.de\/index.php\/wp-json\/wp\/v2\/pages\/10917","targetHints":{"allow":["GET"]}}],"collection":[{"href":"https:\/\/annette-schmucker.de\/index.php\/wp-json\/wp\/v2\/pages"}],"about":[{"href":"https:\/\/annette-schmucker.de\/index.php\/wp-json\/wp\/v2\/types\/page"}],"author":[{"embeddable":true,"href":"https:\/\/annette-schmucker.de\/index.php\/wp-json\/wp\/v2\/users\/3"}],"replies":[{"embeddable":true,"href":"https:\/\/annette-schmucker.de\/index.php\/wp-json\/wp\/v2\/comments?post=10917"}],"version-history":[{"count":10,"href":"https:\/\/annette-schmucker.de\/index.php\/wp-json\/wp\/v2\/pages\/10917\/revisions"}],"predecessor-version":[{"id":10968,"href":"https:\/\/annette-schmucker.de\/index.php\/wp-json\/wp\/v2\/pages\/10917\/revisions\/10968"}],"wp:attachment":[{"href":"https:\/\/annette-schmucker.de\/index.php\/wp-json\/wp\/v2\/media?parent=10917"}],"curies":[{"name":"wp","href":"https:\/\/api.w.org\/{rel}","templated":true}]}}